{"id":5305,"date":"2017-11-11T11:26:57","date_gmt":"2017-11-11T10:26:57","guid":{"rendered":"https:\/\/www.esolutions.sk\/?page_id=5305"},"modified":"2023-04-05T10:49:11","modified_gmt":"2023-04-05T08:49:11","slug":"microsoft-365-2","status":"publish","type":"page","link":"https:\/\/www.bizit.sk\/en\/microsoft-365-2\/","title":{"rendered":"Microsoft 365"},"content":{"rendered":"<p>[vc_row][vc_column][vc_custom_heading text=&#8221;OFFICE 365&#8243; font_container=&#8221;tag:h3|font_size:16px|text_align:left|color:%23000000|line_height:26px&#8221; google_fonts=&#8221;font_family:Montserrat%3Aregular%2C700|font_style:700%20bold%20regular%3A700%3Anormal&#8221; el_class=&#8221;ninzio-latter-spacing&#8221;]<div class=\"sep-wrap element-animate element-animate-false left nz-clearfix\" data-effect=\"none\"><div class=\"nz-separator solid\" style=\"border-bottom-color:#eeeeee;width:100%;border-bottom-style:solid;margin-top:10px;margin-bottom:35px;\">&nbsp;<\/div><\/div>[vc_column_text]<span id=\"result_box\" class=\"\" lang=\"en\"><span class=\"\">We all know Microsoft Office programs &#8211; Word, Excel, Outlook. <\/span>Office 365<span class=\"\"> is a comprehensive set of services for the functioning of a modern company such as email, shared contacts, calendars and tasks (Exchange), shared space for documents (Sharepoint), internet telephony (Skype for Business) and, last but not least, MS Office<\/span> <span class=\"\">, Mac, mobile devices, and its Online version.<\/span><\/span><\/p>\n<p><span id=\"result_box\" class=\"\" lang=\"en\"><span class=\"\">The process of transition to new technologies of communication, sharing and working with information is called Digital Transformation.<\/span> <span class=\"\">Office 365 is the gateway to this process.<\/span><\/span>[\/vc_column_text]<div class=\"sep-wrap element-animate element-animate-false left nz-clearfix\" data-effect=\"none\"><div class=\"nz-separator solid\" style=\"border-bottom-color:#eeeeee;width:100%;border-bottom-style:solid;margin-top:10px;margin-bottom:35px;\">&nbsp;<\/div><\/div><a class=\"button button-ghost default full-false medium square animate-false anim-type-ghost hover-drop extra-grey2 element-animate-false\" href=\"\/en\/office-365-components\/\" target=\"_self\" data-effect=\"none\"><span class=\"txt\">Office 365 components<\/span><\/a><a class=\"button button-ghost default full-false medium square animate-false anim-type-ghost hover-drop extra-grey2 element-animate-false\" href=\"\/en\/office-365-for-business\/\" target=\"_self\" data-effect=\"none\"><span class=\"txt\">Office 365 for business<\/span><\/a><a class=\"button button-ghost default full-false medium square animate-false anim-type-ghost hover-drop extra-grey2 element-animate-false\" href=\"\/en\/office-365-home\/\" target=\"_self\" data-effect=\"none\"><span class=\"txt\">Office 365 home<\/span><\/a><a class=\"button button-ghost default full-false medium square animate-false anim-type-ghost hover-drop extra-grey2 element-animate-false\" href=\"\/en\/office-365-demos\/\" target=\"_self\" data-effect=\"none\"><span class=\"txt\">Demo<\/span><\/a><a class=\"button button-ghost default full-false medium square animate-false anim-type-ghost hover-drop extra-grey2 element-animate-false\" href=\"\/en\/services-for-your-office-365\/\" target=\"_self\" data-effect=\"none\"><span class=\"txt\">Office 365 services<\/span><\/a>[\/vc_column][\/vc_row][vc_row padding_top=&#8221;100&#8243; padding_bottom=&#8221;75&#8243;][vc_column][vc_custom_heading text=&#8221;PRICING FOR OFFICE 365 FOR BUSINESS&#8221; font_container=&#8221;tag:h3|font_size:16px|text_align:left|color:%23000000|line_height:26px&#8221; google_fonts=&#8221;font_family:Montserrat%3Aregular%2C700|font_style:700%20bold%20regular%3A700%3Anormal&#8221; el_class=&#8221;ninzio-latter-spacing&#8221;]<div class=\"sep-wrap element-animate element-animate-false left nz-clearfix\" data-effect=\"none\"><div class=\"nz-separator solid\" style=\"border-bottom-color:#eeeeee;width:100%;border-bottom-style:solid;margin-top:10px;margin-bottom:35px;\">&nbsp;<\/div><\/div><div id=\"nz-pricing-table-1\" class=\"nz-pricing-table nz-clearfix animate-none\" data-animate=\"false\" data-columns=\"3\"><div id=\"nz-column-1\" class=\"element-animate column highlight-false\"><div class=\"column-inner\"><div class=\"title\">Microsoft 365 Business Basic<\/div><div class=\"pricing\"><div class=\"price\">5,7 \u20ac<\/div><div class=\"tariff\">monthly (annual commitment)<\/div><style>#nz-column-1 .price {color:#eb3c00;}#nz-column-1 .title {color:#eb3c00;}#nz-column-1.highlight-true .pricing {background-color:#eb3c00;}#nz-column-1.highlight-true .column-inner {border-color:#eb3c00;}#nz-column-1.highlight-true .column-inner {box-shadow:inset 0 0 0 3px #eb3c00;}#nz-column-1 .button {\r\n\t\t\t\tbackground: #eb3c00;\r\n\t\t\t}#nz-column-1 .button:hover {\r\n\t\t\t\tbackground: rgb(215,40,-20);\r\n\t\t\t}#nz-column-1.highlight-true .hlabel {color:rgb(185,10,-50);}<\/style><\/div><div class=\"c-body\"><div class=\"c-row\"> Email hosting with 50 GB mailbox and custom email domain address<\/div><div class=\"c-row\">Web versions of Word, Excel, and PowerPoint (desktop versions of applications not included)<\/div><div class=\"c-row\">File storage and sharing with 1 TB of OneDrive storage<\/div><div class=\"c-row\">Inform and engage with a company-wide intranet and team sites with SharePoint<\/div><div class=\"c-row\">Host online and video conferencing meetings for up to 250 people Tooltip about Skype for Business compatibility<\/div><div class=\"c-row\">Get a hub for teamwork with Microsoft Teams<\/div><div class=\"c-row\">Collaborate across departments and locations with Yammer<\/div><div class=\"c-row\">Manage tasks and teamwork with Microsoft Planner<\/div><div class=\"c-row\">Maximum number of users: 300<\/div><div class=\"c-row\">FastTrack deployment support with purchase of 50+ seats at no extra cost<\/div><div class=\"c-row\">24\/7 phone and web support<\/div><div class=\"c-row\"><\/div><\/div><div class=\"c-foot\"><a href=\"https:\/\/portal.office.com\/partner\/partnersignup.aspx?type=Trial&#038;id=d735a20d-d030-4f51-b675-b57dd492c52a&#038;msppid=3080630\" data-color=\"#eb3c00\" class=\"animate-false medium button square button-normal hover-fill grey\">Trial<\/a><\/div><\/div><\/div><div id=\"nz-column-2\" class=\"element-animate column highlight-true\"><div class=\"column-inner\"><div class=\"title\">Microsoft 365 Business Standard<\/div><div class=\"pricing\"><div class=\"price\">11,7 \u20ac<\/div><div class=\"tariff\">monthly (annual commitment)<\/div><style>#nz-column-2 .price {color:#eb3c00;}#nz-column-2 .title {color:#eb3c00;}#nz-column-2.highlight-true .pricing {background-color:#eb3c00;}#nz-column-2.highlight-true .column-inner {border-color:#eb3c00;}#nz-column-2.highlight-true .column-inner {box-shadow:inset 0 0 0 3px #eb3c00;}#nz-column-2 .button {\r\n\t\t\t\tbackground: #eb3c00;\r\n\t\t\t}#nz-column-2 .button:hover {\r\n\t\t\t\tbackground: rgb(215,40,-20);\r\n\t\t\t}#nz-column-2.highlight-true .hlabel {color:rgb(185,10,-50);}<\/style><\/div><div class=\"c-body\"><div class=\"c-row\"> Email hosting with 50 GB mailbox and custom email domain address<\/div><div class=\"c-row\">Desktop versions of Office 2016 applications: Outlook, Word, Excel, PowerPoint, OneNote, plus Access and Publisher for PC only<\/div><div class=\"c-row\">Web versions of Word, Excel, and PowerPoint<\/div><div class=\"c-row\">One license covers 5 phones, 5 tablets, and 5 PCs or Macs per user Tooltip with information about operating system requirements<\/div><div class=\"c-row\">File storage and sharing with 1 TB of OneDrive storage<\/div><div class=\"c-row\">Inform and engage with a company-wide intranet and team sites with SharePoint<\/div><div class=\"c-row\">Host online and video conferencing meetings for up to 250 people<\/div><div class=\"c-row\">Get a hub for teamwork with Microsoft Teams<\/div><div class=\"c-row\">Get discovered and nurture customer relationships with Microsoft Connections, Microsoft Listings, and Outlook Customer Manager<\/div><div class=\"c-row\">Manage your business better with Microsoft Invoicing, Microsoft Bookings, MileIQ, and Business center<\/div><div class=\"c-row\">Collaborate across departments and locations with Yammer<\/div><div class=\"c-row\">Manage tasks and teamwork with Microsoft Planner<\/div><div class=\"c-row\">Manage schedules and daily staff work tasks with Microsoft StaffHub<\/div><div class=\"c-row\">Maximum number of users: 300<\/div><div class=\"c-row\">FastTrack deployment support with purchase of 50+ seats at no extra cost<\/div><div class=\"c-row\">24\/7 phone and web support <\/div><\/div><div class=\"c-foot\"><a href=\"https:\/\/portal.office.com\/partner\/partnersignup.aspx?type=Trial&#038;id=d735a20d-d030-4f51-b675-b57dd492c52a&#038;msppid=3080630\" data-color=\"#eb3c00\" class=\"animate-false medium button square button-normal hover-fill grey\">Trial<\/a><\/div><\/div><\/div><div id=\"nz-column-3\" class=\"element-animate column highlight-false\"><div class=\"column-inner\"><div class=\"title\">Microsoft 365 Apps for Business<\/div><div class=\"pricing\"><div class=\"price\">9,80 \u20ac<\/div><div class=\"tariff\">monthly (annual commitment)<\/div><style>#nz-column-3 .price {color:#eb3c00;}#nz-column-3 .title {color:#eb3c00;}#nz-column-3.highlight-true .pricing {background-color:#eb3c00;}#nz-column-3.highlight-true .column-inner {border-color:#eb3c00;}#nz-column-3.highlight-true .column-inner {box-shadow:inset 0 0 0 3px #eb3c00;}#nz-column-3 .button {\r\n\t\t\t\tbackground: #eb3c00;\r\n\t\t\t}#nz-column-3 .button:hover {\r\n\t\t\t\tbackground: rgb(215,40,-20);\r\n\t\t\t}#nz-column-3.highlight-true .hlabel {color:rgb(185,10,-50);}<\/style><\/div><div class=\"c-body\"><div class=\"c-row\"> Business-class email hosting not included<\/div><div class=\"c-row\">Desktop versions of Office 2016 applications: Outlook, Word, Excel, PowerPoint, OneNote, plus Access and Publisher for PC only<\/div><div class=\"c-row\">Web versions of Word, Excel, and PowerPoint<\/div><div class=\"c-row\">One license covers 5 phones, 5 tablets, and 5 PCs or Macs per user<\/div><div class=\"c-row\">File storage and sharing with 1 TB of OneDrive storage<\/div><div class=\"c-row\">Maximum number of users: 300<\/div><div class=\"c-row\">FastTrack deployment support with purchase of 50+ seats at no extra cost<\/div><div class=\"c-row\">24\/7 phone and web support <\/div><\/div><div class=\"c-foot\"><a href=\"https:\/\/portal.office.com\/partner\/partnersignup.aspx?type=Trial&#038;id=d735a20d-d030-4f51-b675-b57dd492c52a&#038;msppid=3080630\" data-color=\"#eb3c00\" class=\"animate-false medium button square button-normal hover-fill grey\">Trial<\/a><\/div><\/div><\/div><\/div>[\/vc_column][\/vc_row][vc_row][vc_column][vc_custom_heading text=&#8221;Office 365 apps and services&#8221; font_container=&#8221;tag:h3|font_size:16px|text_align:left|color:%23000000|line_height:26px&#8221; google_fonts=&#8221;font_family:Montserrat%3Aregular%2C700|font_style:700%20bold%20regular%3A700%3Anormal&#8221; el_class=&#8221;ninzio-latter-spacing&#8221;]<div class=\"sep-wrap element-animate element-animate-false left nz-clearfix\" data-effect=\"none\"><div class=\"nz-separator solid\" style=\"border-bottom-color:#eeeeee;width:100%;border-bottom-style:solid;margin-top:10px;margin-bottom:35px;\">&nbsp;<\/div><\/div><div class=\"nz-gallery nz-clearfix grid link-full animate-none\" data-columns=\"5\" data-autoplay=\"false\" data-animate=\"false\"><div class=\"gallery-item element-animate\"><figure class=\"wp-caption aligncenter\"><div class=\"ninzio-overlay\" ><a data-lightbox-gallery=\"gallery1\" class=\"nz-overlay-before projects-link\" href=\"https:\/\/www.bizit.sk\/wp-content\/uploads\/2017\/04\/yammer.jpg\"><\/a><\/div><img loading=\"lazy\" decoding=\"async\" alt=\"podnikov\u00e1 soci\u00e1lna sie\u0165\" src=\"https:\/\/www.bizit.sk\/wp-content\/uploads\/2017\/04\/yammer.jpg\" width=\"149\" height=\"149\" \/><figcaption class=\"wp-caption-text\">podnikov\u00e1 soci\u00e1lna sie\u0165<\/figcaption><\/figure><\/div><div class=\"gallery-item element-animate\"><figure class=\"wp-caption aligncenter\"><div class=\"ninzio-overlay\" ><a data-lightbox-gallery=\"gallery1\" class=\"nz-overlay-before projects-link\" href=\"https:\/\/www.bizit.sk\/wp-content\/uploads\/2017\/04\/video.jpg\"><\/a><\/div><img loading=\"lazy\" decoding=\"async\" alt=\"podnikov\u00fd video port\u00e1l\" src=\"https:\/\/www.bizit.sk\/wp-content\/uploads\/2017\/04\/video.jpg\" width=\"150\" height=\"150\" \/><figcaption class=\"wp-caption-text\">podnikov\u00fd video port\u00e1l<\/figcaption><\/figure><\/div><div class=\"gallery-item element-animate\"><figure class=\"wp-caption aligncenter\"><div class=\"ninzio-overlay\" ><a data-lightbox-gallery=\"gallery1\" class=\"nz-overlay-before projects-link\" href=\"https:\/\/www.bizit.sk\/wp-content\/uploads\/2017\/04\/teams.jpg\"><\/a><\/div><img loading=\"lazy\" decoding=\"async\" alt=\"pracovn\u00e9 t\u00edmy nad vybran\u00fdmi projektami\" src=\"https:\/\/www.bizit.sk\/wp-content\/uploads\/2017\/04\/teams.jpg\" width=\"150\" height=\"150\" \/><figcaption class=\"wp-caption-text\">pracovn\u00e9 t\u00edmy nad vybran\u00fdmi projektami<\/figcaption><\/figure><\/div><div class=\"gallery-item element-animate\"><figure class=\"wp-caption aligncenter\"><div class=\"ninzio-overlay\" ><a data-lightbox-gallery=\"gallery1\" class=\"nz-overlay-before projects-link\" href=\"https:\/\/www.bizit.sk\/wp-content\/uploads\/2017\/04\/ulohy.jpg\"><\/a><\/div><img loading=\"lazy\" decoding=\"async\" alt=\"\u00falohy a term\u00edny\" src=\"https:\/\/www.bizit.sk\/wp-content\/uploads\/2017\/04\/ulohy.jpg\" width=\"150\" height=\"150\" \/><figcaption class=\"wp-caption-text\">\u00falohy a term\u00edny<\/figcaption><\/figure><\/div><div class=\"gallery-item element-animate\"><figure class=\"wp-caption aligncenter\"><div class=\"ninzio-overlay\" ><a data-lightbox-gallery=\"gallery1\" class=\"nz-overlay-before projects-link\" href=\"https:\/\/www.bizit.sk\/wp-content\/uploads\/2017\/04\/Socialengagement.jpg\"><\/a><\/div><img loading=\"lazy\" decoding=\"async\" alt=\"anal\u00fdza a monitoring soci\u00e1lnych m\u00e9di\u00ed\" src=\"https:\/\/www.bizit.sk\/wp-content\/uploads\/2017\/04\/Socialengagement.jpg\" width=\"150\" height=\"150\" \/><figcaption class=\"wp-caption-text\">anal\u00fdza a monitoring soci\u00e1lnych m\u00e9di\u00ed<\/figcaption><\/figure><\/div><div class=\"gallery-item element-animate\"><figure class=\"wp-caption aligncenter\"><div class=\"ninzio-overlay\" ><a data-lightbox-gallery=\"gallery1\" class=\"nz-overlay-before projects-link\" href=\"https:\/\/www.bizit.sk\/wp-content\/uploads\/2017\/04\/sharepoint.jpg\"><\/a><\/div><img loading=\"lazy\" decoding=\"async\" alt=\"spolo\u010dn\u00e9 zdie\u013ean\u00e9 dokumenty podniku\" src=\"https:\/\/www.bizit.sk\/wp-content\/uploads\/2017\/04\/sharepoint.jpg\" width=\"150\" height=\"150\" \/><figcaption class=\"wp-caption-text\">spolo\u010dn\u00e9 zdie\u013ean\u00e9 dokumenty podniku<\/figcaption><\/figure><\/div><div class=\"gallery-item element-animate\"><figure class=\"wp-caption aligncenter\"><div class=\"ninzio-overlay\" ><a data-lightbox-gallery=\"gallery1\" class=\"nz-overlay-before projects-link\" href=\"https:\/\/www.bizit.sk\/wp-content\/uploads\/2017\/04\/spravca.jpg\"><\/a><\/div><img loading=\"lazy\" decoding=\"async\" alt=\"spr\u00e1va Office 365\" src=\"https:\/\/www.bizit.sk\/wp-content\/uploads\/2017\/04\/spravca.jpg\" width=\"151\" height=\"150\" \/><figcaption class=\"wp-caption-text\">spr\u00e1va Office 365<\/figcaption><\/figure><\/div><div class=\"gallery-item element-animate\"><figure class=\"wp-caption aligncenter\"><div class=\"ninzio-overlay\" ><a data-lightbox-gallery=\"gallery1\" class=\"nz-overlay-before projects-link\" href=\"https:\/\/www.bizit.sk\/wp-content\/uploads\/2017\/04\/sulad.jpg\"><\/a><\/div><img loading=\"lazy\" decoding=\"async\" alt=\"zabezpe\u010denie \u00fadajov\" src=\"https:\/\/www.bizit.sk\/wp-content\/uploads\/2017\/04\/sulad.jpg\" width=\"150\" height=\"150\" \/><figcaption class=\"wp-caption-text\">zabezpe\u010denie \u00fadajov<\/figcaption><\/figure><\/div><div class=\"gallery-item element-animate\"><figure class=\"wp-caption aligncenter\"><div class=\"ninzio-overlay\" ><a data-lightbox-gallery=\"gallery1\" class=\"nz-overlay-before projects-link\" href=\"https:\/\/www.bizit.sk\/wp-content\/uploads\/2017\/04\/word.jpg\"><\/a><\/div><img loading=\"lazy\" decoding=\"async\" alt=\"MS Word\" src=\"https:\/\/www.bizit.sk\/wp-content\/uploads\/2017\/04\/word.jpg\" width=\"150\" height=\"150\" \/><figcaption class=\"wp-caption-text\">MS Word<\/figcaption><\/figure><\/div><div class=\"gallery-item element-animate\"><figure class=\"wp-caption aligncenter\"><div class=\"ninzio-overlay\" ><a data-lightbox-gallery=\"gallery1\" class=\"nz-overlay-before projects-link\" href=\"https:\/\/www.bizit.sk\/wp-content\/uploads\/2017\/04\/spr\u00e1vy.jpg\"><\/a><\/div><img loading=\"lazy\" decoding=\"async\" alt=\"p\u00edsanie okam\u017eit\u00fdch spr\u00e1v\" src=\"https:\/\/www.bizit.sk\/wp-content\/uploads\/2017\/04\/spr\u00e1vy.jpg\" width=\"150\" height=\"150\" \/><figcaption class=\"wp-caption-text\">p\u00edsanie okam\u017eit\u00fdch spr\u00e1v<\/figcaption><\/figure><\/div><div class=\"gallery-item element-animate\"><figure class=\"wp-caption aligncenter\"><div class=\"ninzio-overlay\" ><a data-lightbox-gallery=\"gallery1\" class=\"nz-overlay-before projects-link\" href=\"https:\/\/www.bizit.sk\/wp-content\/uploads\/2017\/04\/sway.jpg\"><\/a><\/div><img loading=\"lazy\" decoding=\"async\" alt=\"online interakt\u00edvne prezent\u00e1cie\" src=\"https:\/\/www.bizit.sk\/wp-content\/uploads\/2017\/04\/sway.jpg\" width=\"150\" height=\"150\" \/><figcaption class=\"wp-caption-text\">online interakt\u00edvne prezent\u00e1cie<\/figcaption><\/figure><\/div><div class=\"gallery-item element-animate\"><figure class=\"wp-caption aligncenter\"><div class=\"ninzio-overlay\" ><a data-lightbox-gallery=\"gallery1\" class=\"nz-overlay-before projects-link\" href=\"https:\/\/www.bizit.sk\/wp-content\/uploads\/2017\/04\/powerpoint.jpg\"><\/a><\/div><img loading=\"lazy\" decoding=\"async\" alt=\"prezent\u00e1cie\" src=\"https:\/\/www.bizit.sk\/wp-content\/uploads\/2017\/04\/powerpoint.jpg\" width=\"150\" height=\"150\" \/><figcaption class=\"wp-caption-text\">prezent\u00e1cie<\/figcaption><\/figure><\/div><div class=\"gallery-item element-animate\"><figure class=\"wp-caption aligncenter\"><div class=\"ninzio-overlay\" ><a data-lightbox-gallery=\"gallery1\" class=\"nz-overlay-before projects-link\" href=\"https:\/\/www.bizit.sk\/wp-content\/uploads\/2017\/04\/project.jpg\"><\/a><\/div><img loading=\"lazy\" decoding=\"async\" alt=\"riadenie projektov\" src=\"https:\/\/www.bizit.sk\/wp-content\/uploads\/2017\/04\/project.jpg\" width=\"150\" height=\"150\" \/><figcaption class=\"wp-caption-text\">riadenie projektov<\/figcaption><\/figure><\/div><div class=\"gallery-item element-animate\"><figure class=\"wp-caption aligncenter\"><div class=\"ninzio-overlay\" ><a data-lightbox-gallery=\"gallery1\" class=\"nz-overlay-before projects-link\" href=\"https:\/\/www.bizit.sk\/wp-content\/uploads\/2017\/04\/PowerBI.jpg\"><\/a><\/div><img loading=\"lazy\" decoding=\"async\" alt=\"jednoduch\u00e9 spracovanie ve\u013ek\u00fdch \u00fadajov\" src=\"https:\/\/www.bizit.sk\/wp-content\/uploads\/2017\/04\/PowerBI.jpg\" width=\"150\" height=\"150\" \/><figcaption class=\"wp-caption-text\">jednoduch\u00e9 spracovanie ve\u013ek\u00fdch \u00fadajov<\/figcaption><\/figure><\/div><div class=\"gallery-item element-animate\"><figure class=\"wp-caption aligncenter\"><div class=\"ninzio-overlay\" ><a data-lightbox-gallery=\"gallery1\" class=\"nz-overlay-before projects-link\" href=\"https:\/\/www.bizit.sk\/wp-content\/uploads\/2017\/04\/po\u0161ta.jpg\"><\/a><\/div><img loading=\"lazy\" decoding=\"async\" alt=\"emaily\" src=\"https:\/\/www.bizit.sk\/wp-content\/uploads\/2017\/04\/po\u0161ta.jpg\" width=\"151\" height=\"149\" \/><figcaption class=\"wp-caption-text\">emaily<\/figcaption><\/figure><\/div><div class=\"gallery-item element-animate\"><figure class=\"wp-caption aligncenter\"><div class=\"ninzio-overlay\" ><a data-lightbox-gallery=\"gallery1\" class=\"nz-overlay-before projects-link\" href=\"https:\/\/www.bizit.sk\/wp-content\/uploads\/2017\/04\/powerapps.jpg\"><\/a><\/div><img loading=\"lazy\" decoding=\"async\" alt=\"vlastn\u00e9 aplik\u00e1cie\" src=\"https:\/\/www.bizit.sk\/wp-content\/uploads\/2017\/04\/powerapps.jpg\" width=\"150\" height=\"150\" \/><figcaption class=\"wp-caption-text\">vlastn\u00e9 aplik\u00e1cie<\/figcaption><\/figure><\/div><div class=\"gallery-item element-animate\"><figure class=\"wp-caption aligncenter\"><div class=\"ninzio-overlay\" ><a data-lightbox-gallery=\"gallery1\" class=\"nz-overlay-before projects-link\" href=\"https:\/\/www.bizit.sk\/wp-content\/uploads\/2017\/04\/onenote.jpg\"><\/a><\/div><img loading=\"lazy\" decoding=\"async\" alt=\"zdie\u013ean\u00e9 pozn\u00e1mky\" src=\"https:\/\/www.bizit.sk\/wp-content\/uploads\/2017\/04\/onenote.jpg\" width=\"150\" height=\"150\" \/><figcaption class=\"wp-caption-text\">zdie\u013ean\u00e9 pozn\u00e1mky<\/figcaption><\/figure><\/div><div class=\"gallery-item element-animate\"><figure class=\"wp-caption aligncenter\"><div class=\"ninzio-overlay\" ><a data-lightbox-gallery=\"gallery1\" class=\"nz-overlay-before projects-link\" href=\"https:\/\/www.bizit.sk\/wp-content\/uploads\/2017\/04\/flow.jpg\"><\/a><\/div><img loading=\"lazy\" decoding=\"async\" alt=\"automatiz\u00e1cia pravideln\u00fdch \u010dinnost\u00ed\" src=\"https:\/\/www.bizit.sk\/wp-content\/uploads\/2017\/04\/flow.jpg\" width=\"150\" height=\"150\" \/><figcaption class=\"wp-caption-text\">automatiz\u00e1cia pravideln\u00fdch \u010dinnost\u00ed<\/figcaption><\/figure><\/div><div class=\"gallery-item element-animate\"><figure class=\"wp-caption aligncenter\"><div class=\"ninzio-overlay\" ><a data-lightbox-gallery=\"gallery1\" class=\"nz-overlay-before projects-link\" href=\"https:\/\/www.bizit.sk\/wp-content\/uploads\/2017\/04\/excel.jpg\"><\/a><\/div><img loading=\"lazy\" decoding=\"async\" alt=\"MS Excel\" src=\"https:\/\/www.bizit.sk\/wp-content\/uploads\/2017\/04\/excel.jpg\" width=\"150\" height=\"150\" \/><figcaption class=\"wp-caption-text\">MS Excel<\/figcaption><\/figure><\/div><div class=\"gallery-item element-animate\"><figure class=\"wp-caption aligncenter\"><div class=\"ninzio-overlay\" ><a data-lightbox-gallery=\"gallery1\" class=\"nz-overlay-before projects-link\" href=\"https:\/\/www.bizit.sk\/wp-content\/uploads\/2017\/04\/\u013eudia.jpg\"><\/a><\/div><img loading=\"lazy\" decoding=\"async\" alt=\"kontakty a zdie\u013ean\u00e9 kontakty\" src=\"https:\/\/www.bizit.sk\/wp-content\/uploads\/2017\/04\/\u013eudia.jpg\" width=\"149\" height=\"149\" \/><figcaption class=\"wp-caption-text\">kontakty a zdie\u013ean\u00e9 kontakty<\/figcaption><\/figure><\/div><div class=\"gallery-item element-animate\"><figure class=\"wp-caption aligncenter\"><div class=\"ninzio-overlay\" ><a data-lightbox-gallery=\"gallery1\" class=\"nz-overlay-before projects-link\" href=\"https:\/\/www.bizit.sk\/wp-content\/uploads\/2017\/04\/kalend\u00e1r.jpg\"><\/a><\/div><img loading=\"lazy\" decoding=\"async\" alt=\"osobn\u00fd kalend\u00e1r a pripojen\u00e9 zdie\u013ean\u00e9 kalend\u00e1re\" src=\"https:\/\/www.bizit.sk\/wp-content\/uploads\/2017\/04\/kalend\u00e1r.jpg\" width=\"149\" height=\"149\" \/><figcaption class=\"wp-caption-text\">osobn\u00fd kalend\u00e1r a pripojen\u00e9 zdie\u013ean\u00e9 kalend\u00e1re<\/figcaption><\/figure><\/div><div class=\"gallery-item element-animate\"><figure class=\"wp-caption aligncenter\"><div class=\"ninzio-overlay\" ><a data-lightbox-gallery=\"gallery1\" class=\"nz-overlay-before projects-link\" href=\"https:\/\/www.bizit.sk\/wp-content\/uploads\/2017\/04\/onedrive.jpg\"><\/a><\/div><img loading=\"lazy\" decoding=\"async\" alt=\"osobn\u00fd 1TB\" src=\"https:\/\/www.bizit.sk\/wp-content\/uploads\/2017\/04\/onedrive.jpg\" width=\"150\" height=\"150\" \/><figcaption class=\"wp-caption-text\">osobn\u00fd 1TB<\/figcaption><\/figure><\/div><div class=\"gallery-item element-animate\"><figure class=\"wp-caption aligncenter\"><div class=\"ninzio-overlay\" ><a data-lightbox-gallery=\"gallery1\" class=\"nz-overlay-before projects-link\" href=\"https:\/\/www.bizit.sk\/wp-content\/uploads\/2017\/04\/planner.jpg\"><\/a><\/div><img loading=\"lazy\" decoding=\"async\" alt=\"\u00falohy skupiny\" src=\"https:\/\/www.bizit.sk\/wp-content\/uploads\/2017\/04\/planner.jpg\" width=\"150\" height=\"150\" \/><figcaption class=\"wp-caption-text\">\u00falohy skupiny<\/figcaption><\/figure><\/div><div class=\"gallery-item element-animate\"><figure class=\"wp-caption aligncenter\"><div class=\"ninzio-overlay\" ><a data-lightbox-gallery=\"gallery1\" class=\"nz-overlay-before projects-link\" href=\"https:\/\/www.bizit.sk\/wp-content\/uploads\/2017\/04\/dynamics365.jpg\"><\/a><\/div><img loading=\"lazy\" decoding=\"async\" alt=\"CRM a ERP Navision\" src=\"https:\/\/www.bizit.sk\/wp-content\/uploads\/2017\/04\/dynamics365.jpg\" width=\"150\" height=\"150\" \/><figcaption class=\"wp-caption-text\">CRM a ERP Navision<\/figcaption><\/figure><\/div><div class=\"gallery-item element-animate\"><figure class=\"wp-caption aligncenter\"><div class=\"ninzio-overlay\" ><a data-lightbox-gallery=\"gallery1\" class=\"nz-overlay-before projects-link\" href=\"https:\/\/www.bizit.sk\/wp-content\/uploads\/2017\/04\/delve.jpg\"><\/a><\/div><img loading=\"lazy\" decoding=\"async\" alt=\"popul\u00e1rne dokumenty\" src=\"https:\/\/www.bizit.sk\/wp-content\/uploads\/2017\/04\/delve.jpg\" width=\"150\" height=\"150\" \/><figcaption class=\"wp-caption-text\">popul\u00e1rne dokumenty<\/figcaption><\/figure><\/div><\/div>[\/vc_column][\/vc_row]<\/p>\n","protected":false},"excerpt":{"rendered":"<p>Claritas est etiam processus dynamicus, qui sequitur mutationem consuetudium lectorum. Mirum est notare quam littera gothica, quam nunc putamus parum claram, anteposuerit litterarum formas humanitatis per seacula quarta decima et quinta decima. Eodem modo typi, qui nunc nobis videntur parum clari, fiant sollemnes in futurum.<\/p>\n","protected":false},"author":2,"featured_media":0,"parent":0,"menu_order":0,"comment_status":"closed","ping_status":"closed","template":"page-vc.php","meta":{"om_disable_all_campaigns":false,"_monsterinsights_skip_tracking":false,"_monsterinsights_sitenote_active":false,"_monsterinsights_sitenote_note":"","_monsterinsights_sitenote_category":0,"footnotes":""},"aioseo_notices":[],"_links":{"self":[{"href":"https:\/\/www.bizit.sk\/en\/wp-json\/wp\/v2\/pages\/5305"}],"collection":[{"href":"https:\/\/www.bizit.sk\/en\/wp-json\/wp\/v2\/pages"}],"about":[{"href":"https:\/\/www.bizit.sk\/en\/wp-json\/wp\/v2\/types\/page"}],"author":[{"embeddable":true,"href":"https:\/\/www.bizit.sk\/en\/wp-json\/wp\/v2\/users\/2"}],"replies":[{"embeddable":true,"href":"https:\/\/www.bizit.sk\/en\/wp-json\/wp\/v2\/comments?post=5305"}],"version-history":[{"count":11,"href":"https:\/\/www.bizit.sk\/en\/wp-json\/wp\/v2\/pages\/5305\/revisions"}],"predecessor-version":[{"id":6630,"href":"https:\/\/www.bizit.sk\/en\/wp-json\/wp\/v2\/pages\/5305\/revisions\/6630"}],"wp:attachment":[{"href":"https:\/\/www.bizit.sk\/en\/wp-json\/wp\/v2\/media?parent=5305"}],"curies":[{"name":"wp","href":"https:\/\/api.w.org\/{rel}","templated":true}]}}