{"id":5307,"date":"2017-11-11T11:29:00","date_gmt":"2017-11-11T10:29:00","guid":{"rendered":"https:\/\/www.esolutions.sk\/?page_id=5307"},"modified":"2017-11-11T11:29:00","modified_gmt":"2017-11-11T10:29:00","slug":"internetove-sluzby","status":"publish","type":"page","link":"https:\/\/www.bizit.sk\/en\/internetove-sluzby\/","title":{"rendered":"Internetov\u00e9 slu\u017eby"},"content":{"rendered":"<p><strong>REGISTR\u00c1CIA DOM\u00c9N<\/strong><br \/>\nRegistr\u00e1cia dom\u00e9n druh\u00e9ho r\u00e1du domena.sk, .com, .cz, .net, ionfi, .biz, .org, .name a \u010fal\u0161ie<br \/>\n<strong>WEBHOSTING<\/strong><br \/>\nPrev\u00e1dzka v chr\u00e1nej serverovni s nepretr\u017eitou ostrahou ,viacn\u00e1sobn\u00e9 pripojenie na chrbtovej sieti internetu<br \/>\nPon\u00fakame hostingov\u00e9 technol\u00f3gie<\/p>\n<p>\u2022\u00a0Volite\u013en\u00fd priestor pre web<br \/>\n\u2022\u00a0Opera\u010dn\u00fd syst\u00e9m\u00a0 Windows alebo Linux<br \/>\n\u2022\u00a0mo\u017enos\u0165 pou\u017e\u00edvania ASP.NET 3.5, ASP, PHP 5<br \/>\n\u2022\u00a0datab\u00e1za PostgreSQL alebo MySQL alebo MSSQL<br \/>\n\u2022\u00a0FTP pr\u00edstup<br \/>\n\u2022\u00a0Subdom\u00e9ny, aliasy<br \/>\n\u2022\u00a0Z\u00e1lohovanie d\u00e1t<br \/>\n\u2022\u00a0SSL slu\u017eby a certifik\u00e1ty<br \/>\n<strong>SAAS HOSTINGOV\u00c9 SLU\u017dBY<\/strong><\/p>\n<p>Hostingov\u00e9 slu\u017eby SaaS (Software As A Service \u2013 softv\u00e9r ako slu\u017eba) s\u00fa ucelen\u00fdm rie\u0161en\u00edm orientovan\u00fdm na dod\u00e1vku \u0161pecifickej internetovej aplik\u00e1cie<\/p>\n<p>\u2022\u00a0WordPress hosting (CMS)<br \/>\n\u2022\u00a0Drupal hosting (CMS)<br \/>\n\u2022\u00a0Joomla hosting (CMS)<br \/>\n\u2022\u00a0Plogger hosting (webov\u00e1 gal\u00e9ria)<br \/>\n\u2022\u00a0Todoyu hosting (riadenie projektov)<br \/>\n\u2022\u00a0eSHOP hosting<\/p>\n<p><strong>VLASTN\u00dd WEB POD SVOJOU KONTROLOU<\/strong> &#8211;\u00a0 VYTVOREN\u00dd CEZ CONTENT MANAGEMENT SYSTEM<br \/>\nCMS &#8211; syst\u00e9m na spr\u00e1vu obsahu a riadene dokumentov. Sl\u00fa\u017ei na organiz\u00e1ciu a vytv\u00e1ranie dokumentov a r\u00f4zneho in\u00e9ho obsahu. Ide o web aplik\u00e1ciu na organiz\u00e1ciu web str\u00e1nok. Z\u00e1kazn\u00edk z\u00edskava jedine\u010dn\u00fa mo\u017enos\u0165 \u00fapravy vlastn\u00e9ho webu bez znalost\u00ed programovania. Z\u00e1rove\u0148 z\u00edskava<br \/>\n\u2022\u00a0Udr\u017eanie jednotn\u00e9ho grafick\u00e9ho \u0161t\u00fdlu<br \/>\n\u2022\u00a0Optimaliz\u00e1cia pre vyh\u013ead\u00e1va\u010de (SEO)<br \/>\n\u2022\u00a0Preh\u013ead n\u00e1v\u0161tevnosti jednotliv\u00fdch str\u00e1nok<br \/>\n\u2022\u00a0Mo\u017enos\u0165 pou\u017ei\u0165 profesion\u00e1lne grafick\u00e9 \u0161abl\u00f3ny<br \/>\n\u2022\u00a0Mo\u017enos\u0165 prid\u00e1va\u0165 podstr\u00e1nky, navig\u00e1cie (menu), obr\u00e1zkov, s\u00faborov<br \/>\n\u2022\u00a0Multiu\u017e\u00edvate\u013esk\u00fd syst\u00e9m s definovan\u00fdmi pr\u00e1vami<br \/>\n\u2022\u00a0Mo\u017enos\u0165 roz\u0161irova\u0165\u00a0 funkcionalitu webu in\u0161tal\u00e1ciou modulov<\/p>\n<p><strong>ESHOPY NA MIERU<\/strong><\/p>\n<p>Vytvorenie elektronick\u00e9ho obchodu pod\u013ea po\u017eiadaviek z\u00e1kazn\u00edka s plnou funkcionalitou be\u017en\u00fdch eshopov a mo\u017enos\u0165ou roz\u0161\u00edrenia o \u010fal\u0161ie funkcie<\/p>\n<p><strong>SERVISN\u00c1 A MARKETINGOV\u00c1 PODPORA<\/strong><\/p>\n<p>Ku v\u0161etk\u00fdm pon\u00fakan\u00fdm rie\u0161eniam pon\u00fakame zmluvn\u00fa servisn\u00fa podporu s flexibiln\u00fdm nastaven\u00edm pod\u013ea po\u017eiadaviek z\u00e1kazn\u00edka. Okrem rie\u0161enia technick\u00fdch \u00faloh pri prev\u00e1dzke Va\u0161ej internetovej aplik\u00e1cie pon\u00fakame zabezpe\u010denie \u010fal\u0161\u00edch slu\u017eieb, na ktor\u00e9 z\u00e1kazn\u00edk nem\u00e1 kapacity<\/p>\n<p>\u2022\u00a0Dodanie profesion\u00e1lneho grafick\u00e9ho spracovania na mieru<br \/>\n\u2022\u00a0Naplnenie a spr\u00e1va obsahu<br \/>\n\u2022\u00a0Realiz\u00e1cia reklamn\u00fdch PPC kampan\u00ed<br \/>\n\u2022\u00a0\u0160tatistick\u00e9 vyhodnocovanie n\u00e1v\u0161tevnosti<br \/>\n\u2022\u00a0N\u00e1vrh a realiz\u00e1cia \u010fal\u0161\u00ed vylep\u0161en\u00ed a funkcionality<br \/>\n\u2022\u00a0SEO optimaliz\u00e1cia<\/p>\n","protected":false},"excerpt":{"rendered":"<p>REGISTR\u00c1CIA DOM\u00c9N Registr\u00e1cia dom\u00e9n druh\u00e9ho r\u00e1du domena.sk, .com, .cz, .net, ionfi, .biz, .org, .name a \u010fal\u0161ie WEBHOSTING Prev\u00e1dzka v chr\u00e1nej serverovni s nepretr\u017eitou ostrahou ,viacn\u00e1sobn\u00e9 pripojenie na chrbtovej sieti internetu Pon\u00fakame hostingov\u00e9 technol\u00f3gie \u2022\u00a0Volite\u013en\u00fd priestor pre web \u2022\u00a0Opera\u010dn\u00fd syst\u00e9m\u00a0 Windows alebo Linux \u2022\u00a0mo\u017enos\u0165 pou\u017e\u00edvania ASP.NET 3.5, ASP, PHP 5 \u2022\u00a0datab\u00e1za PostgreSQL alebo MySQL alebo MSSQL [&hellip;]<\/p>\n","protected":false},"author":2,"featured_media":0,"parent":0,"menu_order":0,"comment_status":"closed","ping_status":"closed","template":"","meta":{"om_disable_all_campaigns":false,"_monsterinsights_skip_tracking":false,"_monsterinsights_sitenote_active":false,"_monsterinsights_sitenote_note":"","_monsterinsights_sitenote_category":0,"footnotes":""},"aioseo_notices":[],"_links":{"self":[{"href":"https:\/\/www.bizit.sk\/en\/wp-json\/wp\/v2\/pages\/5307"}],"collection":[{"href":"https:\/\/www.bizit.sk\/en\/wp-json\/wp\/v2\/pages"}],"about":[{"href":"https:\/\/www.bizit.sk\/en\/wp-json\/wp\/v2\/types\/page"}],"author":[{"embeddable":true,"href":"https:\/\/www.bizit.sk\/en\/wp-json\/wp\/v2\/users\/2"}],"replies":[{"embeddable":true,"href":"https:\/\/www.bizit.sk\/en\/wp-json\/wp\/v2\/comments?post=5307"}],"version-history":[{"count":1,"href":"https:\/\/www.bizit.sk\/en\/wp-json\/wp\/v2\/pages\/5307\/revisions"}],"predecessor-version":[{"id":5308,"href":"https:\/\/www.bizit.sk\/en\/wp-json\/wp\/v2\/pages\/5307\/revisions\/5308"}],"wp:attachment":[{"href":"https:\/\/www.bizit.sk\/en\/wp-json\/wp\/v2\/media?parent=5307"}],"curies":[{"name":"wp","href":"https:\/\/api.w.org\/{rel}","templated":true}]}}