{"id":5316,"date":"2017-11-11T11:37:01","date_gmt":"2017-11-11T10:37:01","guid":{"rendered":"https:\/\/www.esolutions.sk\/?page_id=5316"},"modified":"2017-11-13T16:42:13","modified_gmt":"2017-11-13T15:42:13","slug":"web-hosting","status":"publish","type":"page","link":"https:\/\/www.bizit.sk\/en\/web-hosting\/","title":{"rendered":"Web hosting"},"content":{"rendered":"<p>[vc_row][vc_column][vc_column_text]<\/p>\n<div id=\"gt-res-content\">\n<div id=\"gt-res-dir-ctr\" class=\"trans-verified-button-small\" dir=\"ltr\">\n<p><span id=\"result_box\" class=\"\" lang=\"en\"><span title=\"Hostingov\u00e9 slu\u017eby pon\u00fakame v spolupr\u00e1ci s nadn\u00e1rodn\u00fdmi spolo\u010dnos\u0165ami a vyber\u00e1me pre V\u00e1s v\u017edy najv\u00fdhodnej\u0161iu variantu s oh\u013eadom na potreby samotnej prev\u00e1dzkovanej slu\u017eby \">We offer hosting services in cooperation with multinational companies and we will always choose the most advantageous option for you with regard to the needs of the service itself<\/span><\/span><\/p>\n<p><span title=\"samozrejmos\u0165ou pri poskytovanom hos\u0165ovan\u00ed je z\u00e1lohovanie a vysok\u00e1 dostupnos\u0165 \">As a matter of course, when hosting is provided, backups and high availability are provided<\/span><\/p>\n<p><span title=\"K webhostingu pon\u00fakame slu\u017eby \">We offer services to the webhost<\/span><\/p>\n<p><span title=\"- kompletn\u00e1 starostlivos\u0165 o prev\u00e1dzku a konfigur\u00e1ciu slu\u017eieb, odbremenenie z\u00e1kazn\u00edka od komunik\u00e1cie \">&#8211; complete care for the operation and configuration of services, customer abolishment from communication<\/span><\/p>\n<p><span title=\"poskytovate\u013e hostingu - registr\u00e1tor dom\u00e9ny - program\u00e1tor webstr\u00e1nky - z\u00e1kazn\u00edk \">hosting provider &#8211; domain registrar &#8211; site programmer &#8211; customer<\/span><\/p>\n<p><span title=\"- SSL certifik\u00e1ty \">&#8211; SSL certificates<\/span><\/p>\n<p><span title=\"- in\u0161tal\u00e1cia popul\u00e1rnych CMS syst\u00e9mov \">&#8211; installing popular CMS systems<\/span><\/p>\n<p><span title=\"(WordPress, Joomla, Drupal, osCommerce, phpBB, PrestaShop a \u010fal\u0161ie) \">(WordPress, Joomla, Drupal, osCommerce, phpBB, PrestaShop, and more)<\/span><\/p>\n<p><span title=\"- prenos webu na in\u00fd hosting \">&#8211; transferring the web to another hosting<\/span><\/p>\n<p><span title=\"- jednor\u00e1zov\u00e1 z\u00e1loha \">&#8211; one-time deposit<\/span><\/p>\n<p><span title=\"- zmena konfigur\u00e1cie hostingingu \">&#8211; Changing the hosting configuration<\/span><\/p>\n<p><span title=\"- kombinovan\u00e9 slu\u017eby s cloudov\u00fdmi slu\u017ebami Microsoft Office 365 \">&#8211; combined services with cloud services Microsoft Office 365<\/span><\/p>\n<p><span title=\"Pon\u00fakan\u00e9 technol\u00f3gie \">Offered technologies<\/span><\/p>\n<p><span title=\"LINUX SERVER \">LINUX SERVER<\/span><\/p>\n<p><span title=\"PHP (5.2, 5.3, 5.5) \">PHP (5.2, 5.3, 5.5)<\/span><\/p>\n<p><span title=\"perl \">perl<\/span><\/p>\n<p><span title=\"krajta \">python<\/span><\/p>\n<p><span title=\"rub\u00edn \">ruby<\/span><\/p>\n<p><span title=\"Ruby On Rails \">Ruby On Rails<\/span><\/p>\n<p><span title=\"MySQL 8 \">MySQL 8<\/span><\/p>\n<p><span title=\"PostgreSQL \">PostgreSQL<\/span><\/p>\n<p><span title=\"SERVER WINDOWS \">SERVER WINDOWS<\/span><\/p>\n<p><span title=\"ASP.NET 4.5 \/ 3.5 \">ASP.NET 4.5 \/ 3.5<\/span><\/p>\n<p><span title=\"IIS7 \">IIS7<\/span><\/p>\n<p><span title=\"PHP (5.2, 5.3, 5.5) \">PHP (5.2, 5.3, 5.5)<\/span><\/p>\n<p><span title=\"perl \">perl<\/span><\/p>\n<p><span title=\"SSI \">SSI<\/span><\/p>\n<p><span title=\"Silverlight \">Silverlight<\/span><\/p>\n<p><span title=\"Microsoft SQL Server \">Microsoft SQL Server<\/span><\/p>\n<p><span title=\"MySQL \">MySQL<\/span><\/p>\n<p><span title=\"PostgreSQL\">PostgreSQL<\/span><\/p>\n<\/div>\n<\/div>\n<div id=\"gt-res-tools\" class=\"\"><\/div>\n<div id=\"gt-ft\"><\/div>\n<p>[\/vc_column_text][\/vc_column][\/vc_row]<\/p>\n","protected":false},"excerpt":{"rendered":"<p>[vc_row][vc_column][vc_column_text] We offer hosting services in cooperation with multinational companies and we will always choose the most advantageous option for you with regard to the needs of the service itself As a matter of course, when hosting is provided, backups and high availability are provided We offer services to the webhost &#8211; complete care for [&hellip;]<\/p>\n","protected":false},"author":2,"featured_media":0,"parent":0,"menu_order":0,"comment_status":"closed","ping_status":"closed","template":"","meta":{"om_disable_all_campaigns":false,"_monsterinsights_skip_tracking":false,"_monsterinsights_sitenote_active":false,"_monsterinsights_sitenote_note":"","_monsterinsights_sitenote_category":0,"footnotes":""},"aioseo_notices":[],"_links":{"self":[{"href":"https:\/\/www.bizit.sk\/en\/wp-json\/wp\/v2\/pages\/5316"}],"collection":[{"href":"https:\/\/www.bizit.sk\/en\/wp-json\/wp\/v2\/pages"}],"about":[{"href":"https:\/\/www.bizit.sk\/en\/wp-json\/wp\/v2\/types\/page"}],"author":[{"embeddable":true,"href":"https:\/\/www.bizit.sk\/en\/wp-json\/wp\/v2\/users\/2"}],"replies":[{"embeddable":true,"href":"https:\/\/www.bizit.sk\/en\/wp-json\/wp\/v2\/comments?post=5316"}],"version-history":[{"count":4,"href":"https:\/\/www.bizit.sk\/en\/wp-json\/wp\/v2\/pages\/5316\/revisions"}],"predecessor-version":[{"id":5404,"href":"https:\/\/www.bizit.sk\/en\/wp-json\/wp\/v2\/pages\/5316\/revisions\/5404"}],"wp:attachment":[{"href":"https:\/\/www.bizit.sk\/en\/wp-json\/wp\/v2\/media?parent=5316"}],"curies":[{"name":"wp","href":"https:\/\/api.w.org\/{rel}","templated":true}]}}