{"id":5362,"date":"2017-11-11T12:16:30","date_gmt":"2017-11-11T11:16:30","guid":{"rendered":"https:\/\/www.esolutions.sk\/?page_id=5362"},"modified":"2017-11-21T16:05:36","modified_gmt":"2017-11-21T15:05:36","slug":"office-365-components","status":"publish","type":"page","link":"https:\/\/www.bizit.sk\/en\/office-365-components\/","title":{"rendered":"Office 365 components"},"content":{"rendered":"<p>[vc_row][vc_column][vc_custom_heading text=&#8221;Office 365 components&#8221; font_container=&#8221;tag:h3|font_size:16px|text_align:left|line_height:26px&#8221; google_fonts=&#8221;font_family:Montserrat%3Aregular%2C700|font_style:700%20bold%20regular%3A700%3Anormal&#8221; el_class=&#8221;ninzio-latter-spacing&#8221;]<div class=\"sep-wrap element-animate element-animate-false left nz-clearfix\" data-effect=\"none\"><div class=\"nz-separator solid\" style=\"border-bottom-color:#eeeeee;width:100%;border-bottom-style:solid;margin-top:20px;margin-bottom:20px;\">&nbsp;<\/div><\/div><div class=\"nz-gallery nz-clearfix grid link-full animate-none\" data-columns=\"5\" data-autoplay=\"false\" data-animate=\"false\"><div class=\"gallery-item element-animate\"><figure class=\"wp-caption aligncenter\"><div class=\"ninzio-overlay\" ><a data-lightbox-gallery=\"gallery1\" class=\"nz-overlay-before projects-link\" href=\"https:\/\/www.bizit.sk\/wp-content\/uploads\/2017\/04\/word.jpg\"><\/a><\/div><img loading=\"lazy\" decoding=\"async\" alt=\"MS Word\" src=\"https:\/\/www.bizit.sk\/wp-content\/uploads\/2017\/04\/word.jpg\" width=\"150\" height=\"150\" \/><figcaption class=\"wp-caption-text\">MS Word<\/figcaption><\/figure><\/div><div class=\"gallery-item element-animate\"><figure class=\"wp-caption aligncenter\"><div class=\"ninzio-overlay\" ><a data-lightbox-gallery=\"gallery1\" class=\"nz-overlay-before projects-link\" href=\"https:\/\/www.bizit.sk\/wp-content\/uploads\/2017\/04\/yammer.jpg\"><\/a><\/div><img loading=\"lazy\" decoding=\"async\" alt=\"podnikov\u00e1 soci\u00e1lna sie\u0165\" src=\"https:\/\/www.bizit.sk\/wp-content\/uploads\/2017\/04\/yammer.jpg\" width=\"149\" height=\"149\" \/><figcaption class=\"wp-caption-text\">podnikov\u00e1 soci\u00e1lna sie\u0165<\/figcaption><\/figure><\/div><div class=\"gallery-item element-animate\"><figure class=\"wp-caption aligncenter\"><div class=\"ninzio-overlay\" ><a data-lightbox-gallery=\"gallery1\" class=\"nz-overlay-before projects-link\" href=\"https:\/\/www.bizit.sk\/wp-content\/uploads\/2017\/04\/video.jpg\"><\/a><\/div><img loading=\"lazy\" decoding=\"async\" alt=\"podnikov\u00fd video port\u00e1l\" src=\"https:\/\/www.bizit.sk\/wp-content\/uploads\/2017\/04\/video.jpg\" width=\"150\" height=\"150\" \/><figcaption class=\"wp-caption-text\">podnikov\u00fd video port\u00e1l<\/figcaption><\/figure><\/div><div class=\"gallery-item element-animate\"><figure class=\"wp-caption aligncenter\"><div class=\"ninzio-overlay\" ><a data-lightbox-gallery=\"gallery1\" class=\"nz-overlay-before projects-link\" href=\"https:\/\/www.bizit.sk\/wp-content\/uploads\/2017\/04\/teams.jpg\"><\/a><\/div><img loading=\"lazy\" decoding=\"async\" alt=\"pracovn\u00e9 t\u00edmy nad vybran\u00fdmi projektami\" src=\"https:\/\/www.bizit.sk\/wp-content\/uploads\/2017\/04\/teams.jpg\" width=\"150\" height=\"150\" \/><figcaption class=\"wp-caption-text\">pracovn\u00e9 t\u00edmy nad vybran\u00fdmi projektami<\/figcaption><\/figure><\/div><div class=\"gallery-item element-animate\"><figure class=\"wp-caption aligncenter\"><div class=\"ninzio-overlay\" ><a data-lightbox-gallery=\"gallery1\" class=\"nz-overlay-before projects-link\" href=\"https:\/\/www.bizit.sk\/wp-content\/uploads\/2017\/04\/ulohy.jpg\"><\/a><\/div><img loading=\"lazy\" decoding=\"async\" alt=\"\u00falohy a term\u00edny\" src=\"https:\/\/www.bizit.sk\/wp-content\/uploads\/2017\/04\/ulohy.jpg\" width=\"150\" height=\"150\" \/><figcaption class=\"wp-caption-text\">\u00falohy a term\u00edny<\/figcaption><\/figure><\/div><div class=\"gallery-item element-animate\"><figure class=\"wp-caption aligncenter\"><div class=\"ninzio-overlay\" ><a data-lightbox-gallery=\"gallery1\" class=\"nz-overlay-before projects-link\" href=\"https:\/\/www.bizit.sk\/wp-content\/uploads\/2017\/04\/sway.jpg\"><\/a><\/div><img loading=\"lazy\" decoding=\"async\" alt=\"online interakt\u00edvne prezent\u00e1cie\" src=\"https:\/\/www.bizit.sk\/wp-content\/uploads\/2017\/04\/sway.jpg\" width=\"150\" height=\"150\" \/><figcaption class=\"wp-caption-text\">online interakt\u00edvne prezent\u00e1cie<\/figcaption><\/figure><\/div><div class=\"gallery-item element-animate\"><figure class=\"wp-caption aligncenter\"><div class=\"ninzio-overlay\" ><a data-lightbox-gallery=\"gallery1\" class=\"nz-overlay-before projects-link\" href=\"https:\/\/www.bizit.sk\/wp-content\/uploads\/2017\/04\/spr\u00e1vy.jpg\"><\/a><\/div><img loading=\"lazy\" decoding=\"async\" alt=\"p\u00edsanie okam\u017eit\u00fdch spr\u00e1v\" src=\"https:\/\/www.bizit.sk\/wp-content\/uploads\/2017\/04\/spr\u00e1vy.jpg\" width=\"150\" height=\"150\" \/><figcaption class=\"wp-caption-text\">p\u00edsanie okam\u017eit\u00fdch spr\u00e1v<\/figcaption><\/figure><\/div><div class=\"gallery-item element-animate\"><figure class=\"wp-caption aligncenter\"><div class=\"ninzio-overlay\" ><a data-lightbox-gallery=\"gallery1\" class=\"nz-overlay-before projects-link\" href=\"https:\/\/www.bizit.sk\/wp-content\/uploads\/2017\/04\/sulad.jpg\"><\/a><\/div><img loading=\"lazy\" decoding=\"async\" alt=\"zabezpe\u010denie \u00fadajov\" src=\"https:\/\/www.bizit.sk\/wp-content\/uploads\/2017\/04\/sulad.jpg\" width=\"150\" height=\"150\" \/><figcaption class=\"wp-caption-text\">zabezpe\u010denie \u00fadajov<\/figcaption><\/figure><\/div><div class=\"gallery-item element-animate\"><figure class=\"wp-caption aligncenter\"><div class=\"ninzio-overlay\" ><a data-lightbox-gallery=\"gallery1\" class=\"nz-overlay-before projects-link\" href=\"https:\/\/www.bizit.sk\/wp-content\/uploads\/2017\/04\/spravca.jpg\"><\/a><\/div><img loading=\"lazy\" decoding=\"async\" alt=\"spr\u00e1va Office 365\" src=\"https:\/\/www.bizit.sk\/wp-content\/uploads\/2017\/04\/spravca.jpg\" width=\"151\" height=\"150\" \/><figcaption class=\"wp-caption-text\">spr\u00e1va Office 365<\/figcaption><\/figure><\/div><div class=\"gallery-item element-animate\"><figure class=\"wp-caption aligncenter\"><div class=\"ninzio-overlay\" ><a data-lightbox-gallery=\"gallery1\" class=\"nz-overlay-before projects-link\" href=\"https:\/\/www.bizit.sk\/wp-content\/uploads\/2017\/04\/sharepoint.jpg\"><\/a><\/div><img loading=\"lazy\" decoding=\"async\" alt=\"spolo\u010dn\u00e9 zdie\u013ean\u00e9 dokumenty podniku\" src=\"https:\/\/www.bizit.sk\/wp-content\/uploads\/2017\/04\/sharepoint.jpg\" width=\"150\" height=\"150\" \/><figcaption class=\"wp-caption-text\">spolo\u010dn\u00e9 zdie\u013ean\u00e9 dokumenty podniku<\/figcaption><\/figure><\/div><div class=\"gallery-item element-animate\"><figure class=\"wp-caption aligncenter\"><div class=\"ninzio-overlay\" ><a data-lightbox-gallery=\"gallery1\" class=\"nz-overlay-before projects-link\" href=\"https:\/\/www.bizit.sk\/wp-content\/uploads\/2017\/04\/Socialengagement.jpg\"><\/a><\/div><img loading=\"lazy\" decoding=\"async\" alt=\"anal\u00fdza a monitoring soci\u00e1lnych m\u00e9di\u00ed\" src=\"https:\/\/www.bizit.sk\/wp-content\/uploads\/2017\/04\/Socialengagement.jpg\" width=\"150\" height=\"150\" \/><figcaption class=\"wp-caption-text\">anal\u00fdza a monitoring soci\u00e1lnych m\u00e9di\u00ed<\/figcaption><\/figure><\/div><div class=\"gallery-item element-animate\"><figure class=\"wp-caption aligncenter\"><div class=\"ninzio-overlay\" ><a data-lightbox-gallery=\"gallery1\" class=\"nz-overlay-before projects-link\" href=\"https:\/\/www.bizit.sk\/wp-content\/uploads\/2017\/04\/powerpoint.jpg\"><\/a><\/div><img loading=\"lazy\" decoding=\"async\" alt=\"prezent\u00e1cie\" src=\"https:\/\/www.bizit.sk\/wp-content\/uploads\/2017\/04\/powerpoint.jpg\" width=\"150\" height=\"150\" \/><figcaption class=\"wp-caption-text\">prezent\u00e1cie<\/figcaption><\/figure><\/div><div class=\"gallery-item element-animate\"><figure class=\"wp-caption aligncenter\"><div class=\"ninzio-overlay\" ><a data-lightbox-gallery=\"gallery1\" class=\"nz-overlay-before projects-link\" href=\"https:\/\/www.bizit.sk\/wp-content\/uploads\/2017\/04\/project.jpg\"><\/a><\/div><img loading=\"lazy\" decoding=\"async\" alt=\"riadenie projektov\" src=\"https:\/\/www.bizit.sk\/wp-content\/uploads\/2017\/04\/project.jpg\" width=\"150\" height=\"150\" \/><figcaption class=\"wp-caption-text\">riadenie projektov<\/figcaption><\/figure><\/div><div class=\"gallery-item element-animate\"><figure class=\"wp-caption aligncenter\"><div class=\"ninzio-overlay\" ><a data-lightbox-gallery=\"gallery1\" class=\"nz-overlay-before projects-link\" href=\"https:\/\/www.bizit.sk\/wp-content\/uploads\/2017\/04\/PowerBI.jpg\"><\/a><\/div><img loading=\"lazy\" decoding=\"async\" alt=\"jednoduch\u00e9 spracovanie ve\u013ek\u00fdch \u00fadajov\" src=\"https:\/\/www.bizit.sk\/wp-content\/uploads\/2017\/04\/PowerBI.jpg\" width=\"150\" height=\"150\" \/><figcaption class=\"wp-caption-text\">jednoduch\u00e9 spracovanie ve\u013ek\u00fdch \u00fadajov<\/figcaption><\/figure><\/div><div class=\"gallery-item element-animate\"><figure class=\"wp-caption aligncenter\"><div class=\"ninzio-overlay\" ><a data-lightbox-gallery=\"gallery1\" class=\"nz-overlay-before projects-link\" href=\"https:\/\/www.bizit.sk\/wp-content\/uploads\/2017\/04\/po\u0161ta.jpg\"><\/a><\/div><img loading=\"lazy\" decoding=\"async\" alt=\"emaily\" src=\"https:\/\/www.bizit.sk\/wp-content\/uploads\/2017\/04\/po\u0161ta.jpg\" width=\"151\" height=\"149\" \/><figcaption class=\"wp-caption-text\">emaily<\/figcaption><\/figure><\/div><div class=\"gallery-item element-animate\"><figure class=\"wp-caption aligncenter\"><div class=\"ninzio-overlay\" ><a data-lightbox-gallery=\"gallery1\" class=\"nz-overlay-before projects-link\" href=\"https:\/\/www.bizit.sk\/wp-content\/uploads\/2017\/04\/powerapps.jpg\"><\/a><\/div><img loading=\"lazy\" decoding=\"async\" alt=\"vlastn\u00e9 aplik\u00e1cie\" src=\"https:\/\/www.bizit.sk\/wp-content\/uploads\/2017\/04\/powerapps.jpg\" width=\"150\" height=\"150\" \/><figcaption class=\"wp-caption-text\">vlastn\u00e9 aplik\u00e1cie<\/figcaption><\/figure><\/div><div class=\"gallery-item element-animate\"><figure class=\"wp-caption aligncenter\"><div class=\"ninzio-overlay\" ><a data-lightbox-gallery=\"gallery1\" class=\"nz-overlay-before projects-link\" href=\"https:\/\/www.bizit.sk\/wp-content\/uploads\/2017\/04\/onenote.jpg\"><\/a><\/div><img loading=\"lazy\" decoding=\"async\" alt=\"zdie\u013ean\u00e9 pozn\u00e1mky\" src=\"https:\/\/www.bizit.sk\/wp-content\/uploads\/2017\/04\/onenote.jpg\" width=\"150\" height=\"150\" \/><figcaption class=\"wp-caption-text\">zdie\u013ean\u00e9 pozn\u00e1mky<\/figcaption><\/figure><\/div><div class=\"gallery-item element-animate\"><figure class=\"wp-caption aligncenter\"><div class=\"ninzio-overlay\" ><a data-lightbox-gallery=\"gallery1\" class=\"nz-overlay-before projects-link\" href=\"https:\/\/www.bizit.sk\/wp-content\/uploads\/2017\/04\/flow.jpg\"><\/a><\/div><img loading=\"lazy\" decoding=\"async\" alt=\"automatiz\u00e1cia pravideln\u00fdch \u010dinnost\u00ed\" src=\"https:\/\/www.bizit.sk\/wp-content\/uploads\/2017\/04\/flow.jpg\" width=\"150\" height=\"150\" \/><figcaption class=\"wp-caption-text\">automatiz\u00e1cia pravideln\u00fdch \u010dinnost\u00ed<\/figcaption><\/figure><\/div><div class=\"gallery-item element-animate\"><figure class=\"wp-caption aligncenter\"><div class=\"ninzio-overlay\" ><a data-lightbox-gallery=\"gallery1\" class=\"nz-overlay-before projects-link\" href=\"https:\/\/www.bizit.sk\/wp-content\/uploads\/2017\/04\/excel.jpg\"><\/a><\/div><img loading=\"lazy\" decoding=\"async\" alt=\"MS Excel\" src=\"https:\/\/www.bizit.sk\/wp-content\/uploads\/2017\/04\/excel.jpg\" width=\"150\" height=\"150\" \/><figcaption class=\"wp-caption-text\">MS Excel<\/figcaption><\/figure><\/div><div class=\"gallery-item element-animate\"><figure class=\"wp-caption aligncenter\"><div class=\"ninzio-overlay\" ><a data-lightbox-gallery=\"gallery1\" class=\"nz-overlay-before projects-link\" href=\"https:\/\/www.bizit.sk\/wp-content\/uploads\/2017\/04\/\u013eudia.jpg\"><\/a><\/div><img loading=\"lazy\" decoding=\"async\" alt=\"kontakty a zdie\u013ean\u00e9 kontakty\" src=\"https:\/\/www.bizit.sk\/wp-content\/uploads\/2017\/04\/\u013eudia.jpg\" width=\"149\" height=\"149\" \/><figcaption class=\"wp-caption-text\">kontakty a zdie\u013ean\u00e9 kontakty<\/figcaption><\/figure><\/div><div class=\"gallery-item element-animate\"><figure class=\"wp-caption aligncenter\"><div class=\"ninzio-overlay\" ><a data-lightbox-gallery=\"gallery1\" class=\"nz-overlay-before projects-link\" href=\"https:\/\/www.bizit.sk\/wp-content\/uploads\/2017\/04\/kalend\u00e1r.jpg\"><\/a><\/div><img loading=\"lazy\" decoding=\"async\" alt=\"osobn\u00fd kalend\u00e1r a pripojen\u00e9 zdie\u013ean\u00e9 kalend\u00e1re\" src=\"https:\/\/www.bizit.sk\/wp-content\/uploads\/2017\/04\/kalend\u00e1r.jpg\" width=\"149\" height=\"149\" \/><figcaption class=\"wp-caption-text\">osobn\u00fd kalend\u00e1r a pripojen\u00e9 zdie\u013ean\u00e9 kalend\u00e1re<\/figcaption><\/figure><\/div><div class=\"gallery-item element-animate\"><figure class=\"wp-caption aligncenter\"><div class=\"ninzio-overlay\" ><a data-lightbox-gallery=\"gallery1\" class=\"nz-overlay-before projects-link\" href=\"https:\/\/www.bizit.sk\/wp-content\/uploads\/2017\/04\/onedrive.jpg\"><\/a><\/div><img loading=\"lazy\" decoding=\"async\" alt=\"osobn\u00fd 1TB\" src=\"https:\/\/www.bizit.sk\/wp-content\/uploads\/2017\/04\/onedrive.jpg\" width=\"150\" height=\"150\" \/><figcaption class=\"wp-caption-text\">osobn\u00fd 1TB<\/figcaption><\/figure><\/div><div class=\"gallery-item element-animate\"><figure class=\"wp-caption aligncenter\"><div class=\"ninzio-overlay\" ><a data-lightbox-gallery=\"gallery1\" class=\"nz-overlay-before projects-link\" href=\"https:\/\/www.bizit.sk\/wp-content\/uploads\/2017\/04\/planner.jpg\"><\/a><\/div><img loading=\"lazy\" decoding=\"async\" alt=\"\u00falohy skupiny\" src=\"https:\/\/www.bizit.sk\/wp-content\/uploads\/2017\/04\/planner.jpg\" width=\"150\" height=\"150\" \/><figcaption class=\"wp-caption-text\">\u00falohy skupiny<\/figcaption><\/figure><\/div><div class=\"gallery-item element-animate\"><figure class=\"wp-caption aligncenter\"><div class=\"ninzio-overlay\" ><a data-lightbox-gallery=\"gallery1\" class=\"nz-overlay-before projects-link\" href=\"https:\/\/www.bizit.sk\/wp-content\/uploads\/2017\/04\/dynamics365.jpg\"><\/a><\/div><img loading=\"lazy\" decoding=\"async\" alt=\"CRM a ERP Navision\" src=\"https:\/\/www.bizit.sk\/wp-content\/uploads\/2017\/04\/dynamics365.jpg\" width=\"150\" height=\"150\" \/><figcaption class=\"wp-caption-text\">CRM a ERP Navision<\/figcaption><\/figure><\/div><div class=\"gallery-item element-animate\"><figure class=\"wp-caption aligncenter\"><div class=\"ninzio-overlay\" ><a data-lightbox-gallery=\"gallery1\" class=\"nz-overlay-before projects-link\" href=\"https:\/\/www.bizit.sk\/wp-content\/uploads\/2017\/04\/delve.jpg\"><\/a><\/div><img loading=\"lazy\" decoding=\"async\" alt=\"popul\u00e1rne dokumenty\" src=\"https:\/\/www.bizit.sk\/wp-content\/uploads\/2017\/04\/delve.jpg\" width=\"150\" height=\"150\" \/><figcaption class=\"wp-caption-text\">popul\u00e1rne dokumenty<\/figcaption><\/figure><\/div><\/div>[\/vc_column][\/vc_row]<\/p>\n","protected":false},"excerpt":{"rendered":"<p>[vc_row][vc_column][vc_custom_heading text=&#8221;Office 365 components&#8221; font_container=&#8221;tag:h3|font_size:16px|text_align:left|line_height:26px&#8221; google_fonts=&#8221;font_family:Montserrat%3Aregular%2C700|font_style:700%20bold%20regular%3A700%3Anormal&#8221; el_class=&#8221;ninzio-latter-spacing&#8221;][\/vc_column][\/vc_row]<\/p>\n","protected":false},"author":2,"featured_media":0,"parent":0,"menu_order":0,"comment_status":"closed","ping_status":"closed","template":"","meta":{"om_disable_all_campaigns":false,"_monsterinsights_skip_tracking":false,"_monsterinsights_sitenote_active":false,"_monsterinsights_sitenote_note":"","_monsterinsights_sitenote_category":0,"footnotes":""},"aioseo_notices":[],"_links":{"self":[{"href":"https:\/\/www.bizit.sk\/en\/wp-json\/wp\/v2\/pages\/5362"}],"collection":[{"href":"https:\/\/www.bizit.sk\/en\/wp-json\/wp\/v2\/pages"}],"about":[{"href":"https:\/\/www.bizit.sk\/en\/wp-json\/wp\/v2\/types\/page"}],"author":[{"embeddable":true,"href":"https:\/\/www.bizit.sk\/en\/wp-json\/wp\/v2\/users\/2"}],"replies":[{"embeddable":true,"href":"https:\/\/www.bizit.sk\/en\/wp-json\/wp\/v2\/comments?post=5362"}],"version-history":[{"count":3,"href":"https:\/\/www.bizit.sk\/en\/wp-json\/wp\/v2\/pages\/5362\/revisions"}],"predecessor-version":[{"id":5431,"href":"https:\/\/www.bizit.sk\/en\/wp-json\/wp\/v2\/pages\/5362\/revisions\/5431"}],"wp:attachment":[{"href":"https:\/\/www.bizit.sk\/en\/wp-json\/wp\/v2\/media?parent=5362"}],"curies":[{"name":"wp","href":"https:\/\/api.w.org\/{rel}","templated":true}]}}