{"id":5363,"date":"2017-11-11T12:17:41","date_gmt":"2017-11-11T11:17:41","guid":{"rendered":"https:\/\/www.esolutions.sk\/?page_id=5363"},"modified":"2017-11-21T17:02:56","modified_gmt":"2017-11-21T16:02:56","slug":"services-for-your-office-365","status":"publish","type":"page","link":"https:\/\/www.bizit.sk\/en\/services-for-your-office-365\/","title":{"rendered":"Services for your Office 365"},"content":{"rendered":"<p>[vc_row][vc_column][vc_custom_heading text=&#8221;OFFICE 365 SERVICES&#8221; font_container=&#8221;tag:h3|font_size:16px|text_align:left|line_height:26px&#8221; google_fonts=&#8221;font_family:Montserrat%3Aregular%2C700|font_style:700%20bold%20regular%3A700%3Anormal&#8221;]<div class=\"sep-wrap element-animate element-animate-false left nz-clearfix\" data-effect=\"none\"><div class=\"nz-separator solid\" style=\"border-bottom-color:#eeeeee;width:100%;border-bottom-style:solid;margin-top:20px;margin-bottom:20px;\">&nbsp;<\/div><\/div>[vc_column_text]<span id=\"result_box\" class=\"\" lang=\"en\"><span class=\"\">We offer you all the related services to Office 365 to ensure that your investment is covered during installation and operation of these services.<\/span> <span class=\"\">We provide the service in the form of a service contract, either as stand alone for support of these products, or as part of a service contract including infrastructure management services such as server monitoring and management, security services, backup services, and so on.<\/span><\/span>[\/vc_column_text][\/vc_column][\/vc_row][vc_row][vc_column]<div class=\"nz-content-box nz-clearfix align-left version1 animate-none\" data-columns=\"2\" data-animate=\"false\"><div id=\"nz-box-1\" class=\"  nz-box element-animate\"><div class=\"nz-box-wrap\"><style>#nz-box-1 .box-icon {color:#81d742;}<\/style><div class=\"box-icon-wrap\"><div class=\"box-icon icon-question3\"><\/div><\/div><div class=\"box-data\"><\/p>\n<h3><span id=\"result_box\" class=\"short_text\" lang=\"en\"><span class=\"\">Product Selection Help &#8211; Pre-sales support<\/span><\/span><\/h3>\n<ul>\n<li style=\"margin-top: 0; margin-bottom: 0; vertical-align: middle;\"><span style=\"font-family: Calibri; font-size: 11.0pt;\"><span id=\"result_box\" class=\"\" lang=\"en\"><span class=\"\">Consultation on product options and services provided<\/span><\/span><\/span><\/li>\n<li style=\"margin-top: 0; margin-bottom: 0; vertical-align: middle;\"><span style=\"font-family: Calibri; font-size: 11.0pt;\"><span id=\"result_box\" class=\"short_text\" lang=\"en\">Optimal solution design<\/span><\/span><\/li>\n<li style=\"margin-top: 0; margin-bottom: 0; vertical-align: middle;\"><span style=\"font-family: Calibri; font-size: 11.0pt;\"><span id=\"result_box\" class=\"short_text\" lang=\"en\"><span class=\"\">Combination of plans and selection of licenses<\/span><\/span><\/span><\/li>\n<li style=\"margin-top: 0; margin-bottom: 0; vertical-align: middle;\"><span id=\"result_box\" class=\"short_text\" lang=\"en\"><span class=\"\">Proposal for deployment procedure<\/span><\/span><\/li>\n<li style=\"margin-top: 0; margin-bottom: 0; vertical-align: middle;\"><span style=\"font-family: Calibri; font-size: 11.0pt;\"><span id=\"result_box\" class=\"short_text\" lang=\"en\"><span class=\"\">Design of support services \/ service contract<\/span><\/span><\/span><\/li>\n<\/ul>\n<p><\/div><\/div><\/div><\/div>[\/vc_column][\/vc_row][vc_row][vc_column][vc_custom_heading text=&#8221;ALREADY HAVE OFFICE 365 AND NEED THE PARTNER FOR THE MANAGEMENT ?&#8221; font_container=&#8221;tag:h3|font_size:16px|text_align:left|line_height:26px&#8221; google_fonts=&#8221;font_family:Montserrat%3Aregular%2C700|font_style:700%20bold%20regular%3A700%3Anormal&#8221;]<div class=\"sep-wrap element-animate element-animate-false left nz-clearfix\" data-effect=\"none\"><div class=\"nz-separator solid\" style=\"border-bottom-color:#eeeeee;width:100%;border-bottom-style:solid;margin-top:20px;margin-bottom:20px;\">&nbsp;<\/div><\/div><a class=\"button button-ghost blue full-false medium square animate-false anim-type-ghost hover-fill element-animate-false\" href=\"https:\/\/portal.office.com\/partner\/partnersignup.aspx?type=Administration&#038;id=d22a47bc-e9c0-497c-a495-f05e9942e0ae&#038;msppid=3080630\" target=\"_self\" data-effect=\"none\"><span class=\"txt\">I accept the eSOLUTIONS offer to manage my Office 365 account<\/span><\/a>[\/vc_column][\/vc_row][vc_row][vc_column][vc_custom_heading text=&#8221;INSTALLATION AND MANAGEMENT OF OFFICE 365&#8243; font_container=&#8221;tag:h3|font_size:16px|text_align:left|line_height:26px&#8221; google_fonts=&#8221;font_family:Montserrat%3Aregular%2C700|font_style:700%20bold%20regular%3A700%3Anormal&#8221;]<div class=\"sep-wrap element-animate element-animate-false left nz-clearfix\" data-effect=\"none\"><div class=\"nz-separator solid\" style=\"border-bottom-color:#eeeeee;width:100%;border-bottom-style:solid;margin-top:20px;margin-bottom:20px;\">&nbsp;<\/div><\/div>[\/vc_column][\/vc_row][vc_row][vc_column]<div class=\"nz-content-box nz-clearfix align-left version1 animate-none\" data-columns=\"2\" data-animate=\"false\"><div id=\"nz-box-2\" class=\"  nz-box element-animate\"><div class=\"nz-box-wrap\"><style>#nz-box-2 .box-icon {color:#81d742;}<\/style><div class=\"box-icon-wrap\"><div class=\"box-icon icon-cloud3\"><\/div><\/div><div class=\"box-data\"><\/p>\n<h3><span id=\"result_box\" class=\"short_text\" lang=\"en\"><span class=\"\">Set up Office 365<\/span><\/span><\/h3>\n<ul>\n<li><span id=\"result_box\" class=\"\" lang=\"en\"><span class=\"\">account creation, initial settings, activation of the license<\/span><\/span><\/li>\n<li><span id=\"result_box\" class=\"short_text\" lang=\"en\"><span class=\"\">account management<\/span><\/span><\/li>\n<li><span id=\"result_box\" class=\"short_text\" lang=\"en\"><span class=\"\">tracking expiration of licenses<\/span><\/span><\/li>\n<li><span id=\"result_box\" class=\"short_text\" lang=\"en\"><span class=\"\">creating users, assigning a license to users<\/span><\/span><\/li>\n<li><span id=\"result_box\" class=\"short_text\" lang=\"en\"><span class=\"\">user rights setting<br \/>\n<\/span><\/span><\/li>\n<li><span id=\"result_box\" class=\"short_text\" lang=\"en\"><span class=\"\">password policy setting<\/span><\/span><\/li>\n<li><span id=\"result_box\" class=\"\" lang=\"en\"><span class=\"\">link to the local Active Directory domain &#8211; create a hybrid environment<\/span><\/span><\/li>\n<\/ul>\n<p><\/div><\/div><\/div><div id=\"nz-box-3\" class=\"  nz-box element-animate\"><div class=\"nz-box-wrap\"><style>#nz-box-3 .box-icon {color:#81d742;}<\/style><div class=\"box-icon-wrap\"><div class=\"box-icon icon-mail5\"><\/div><\/div><div class=\"box-data\"><\/p>\n<h3><span id=\"result_box\" class=\"short_text\" lang=\"en\"><span class=\"alt-edited\">Email services management<\/span><\/span><\/h3>\n<ul>\n<li><span id=\"result_box\" class=\"short_text\" lang=\"en\"><span class=\"\">setting up an email domain<\/span><\/span><\/li>\n<li><span id=\"result_box\" class=\"short_text\" lang=\"en\"><span class=\"\">migrate original mailboxes to Office 365<\/span><\/span><\/li>\n<li><span id=\"result_box\" class=\"short_text\" lang=\"en\"><span class=\"\">setting up local mail clients<\/span><\/span><\/li>\n<li><span id=\"result_box\" class=\"short_text\" lang=\"en\"><span class=\"\">setting up calendar sharing<\/span><\/span><\/li>\n<li><span id=\"result_box\" class=\"short_text\" lang=\"en\"><span class=\"\">setting up<\/span><\/span> contact sharing<\/li>\n<li><span id=\"result_box\" class=\"short_text\" lang=\"en\"><span class=\"\">creating email aliases<\/span><\/span><\/li>\n<li><span id=\"result_box\" class=\"short_text\" lang=\"en\"><span class=\"\">creating distribution groups<\/span><\/span><\/li>\n<\/ul>\n<p><\/div><\/div><\/div><\/div>[\/vc_column][\/vc_row][vc_row][vc_column]<div class=\"nz-content-box nz-clearfix align-left version1 animate-none\" data-columns=\"2\" data-animate=\"false\"><div id=\"nz-box-4\" class=\"  nz-box element-animate\"><div class=\"nz-box-wrap\"><style>#nz-box-4 .box-icon {color:#81d742;}<\/style><div class=\"box-icon-wrap\"><div class=\"box-icon icon-users2\"><\/div><\/div><div class=\"box-data\"><\/p>\n<h3><span id=\"result_box\" class=\"short_text\" lang=\"en\"><span class=\"\">Manage Teams<\/span><\/span> service<\/h3>\n<ul>\n<li style=\"margin-top: 0; margin-bottom: 0; vertical-align: middle;\"><span style=\"font-family: Calibri; font-size: 11.0pt;\"><span id=\"result_box\" class=\"short_text\" lang=\"en\"><span class=\"\">Creating MS Teams<\/span><\/span><\/span><\/li>\n<li style=\"margin-top: 0; margin-bottom: 0; vertical-align: middle;\"><span style=\"font-family: Calibri; font-size: 11.0pt;\"><span id=\"result_box\" class=\"short_text\" lang=\"en\"><span class=\"\">set up user devices for communication in Teams<\/span><\/span><\/span><\/li>\n<\/ul>\n<p><\/div><\/div><\/div><div id=\"nz-box-5\" class=\"  nz-box element-animate\"><div class=\"nz-box-wrap\"><style>#nz-box-5 .box-icon {color:#81d742;}<\/style><div class=\"box-icon-wrap\"><div class=\"box-icon icon-share\"><\/div><\/div><div class=\"box-data\"><\/p>\n<h3>Spr\u00e1va t\u00edmovej lokality Sharepoint<\/h3>\n<ul>\n<li>Vytvorenie t\u00edmovej lokality Sharepoint<\/li>\n<li>synchroniz\u00e1cia zariaden\u00ed slu\u017ebou OneDrive For Business, tak aby bolo mo\u017en\u00e9 pracova\u0165 so zdie\u013ean\u00fdmi dokumentami aj v offline re\u017eime<\/li>\n<\/ul>\n<p><\/div><\/div><\/div><div id=\"nz-box-6\" class=\"  nz-box element-animate\"><div class=\"nz-box-wrap\"><style>#nz-box-6 .box-icon {color:#81d742;}<\/style><div class=\"box-icon-wrap\"><div class=\"box-icon icon-note\"><\/div><\/div><div class=\"box-data\"><\/p>\n<h3><span id=\"result_box\" class=\"short_text\" lang=\"en\"><span class=\"\">Deploying Onenote<\/span><\/span><\/h3>\n<ul>\n<li><span id=\"result_box\" class=\"short_text\" lang=\"en\"><span class=\"\">create shared notebooks<\/span><\/span><\/li>\n<li><span id=\"result_box\" class=\"short_text\" lang=\"en\"><span class=\"\">setting user rights<\/span><\/span><\/li>\n<li><span id=\"result_box\" class=\"short_text\" lang=\"en\"><span class=\"\">set up device sync<\/span><\/span><\/li>\n<\/ul>\n<p><\/div><\/div><\/div><div id=\"nz-box-7\" class=\"  nz-box element-animate\"><div class=\"nz-box-wrap\"><style>#nz-box-7 .box-icon {color:#81d742;}<\/style><div class=\"box-icon-wrap\"><div class=\"box-icon icon-skype\"><\/div><\/div><div class=\"box-data\"><\/p>\n<h3>Skype For Business<\/h3>\n<ul>\n<li><span id=\"result_box\" class=\"short_text\" lang=\"en\"><span class=\"\">device setup<\/span><\/span><\/li>\n<li><span id=\"result_box\" class=\"short_text\" lang=\"en\"><span class=\"\">enable and disable external accounts<\/span><\/span><\/li>\n<\/ul>\n<p><\/div><\/div><\/div><\/div>[\/vc_column][\/vc_row]<\/p>\n","protected":false},"excerpt":{"rendered":"<p>[vc_row][vc_column][vc_custom_heading text=&#8221;OFFICE 365 SERVICES&#8221; font_container=&#8221;tag:h3|font_size:16px|text_align:left|line_height:26px&#8221; google_fonts=&#8221;font_family:Montserrat%3Aregular%2C700|font_style:700%20bold%20regular%3A700%3Anormal&#8221;][vc_column_text]We offer you all the related services to Office 365 to ensure that your investment is covered during installation and operation of these services. We provide the service in the form of a service contract, either as stand alone for support of these products, or as part of a service [&hellip;]<\/p>\n","protected":false},"author":2,"featured_media":0,"parent":0,"menu_order":0,"comment_status":"closed","ping_status":"closed","template":"","meta":{"om_disable_all_campaigns":false,"_monsterinsights_skip_tracking":false,"_monsterinsights_sitenote_active":false,"_monsterinsights_sitenote_note":"","_monsterinsights_sitenote_category":0,"footnotes":""},"aioseo_notices":[],"_links":{"self":[{"href":"https:\/\/www.bizit.sk\/en\/wp-json\/wp\/v2\/pages\/5363"}],"collection":[{"href":"https:\/\/www.bizit.sk\/en\/wp-json\/wp\/v2\/pages"}],"about":[{"href":"https:\/\/www.bizit.sk\/en\/wp-json\/wp\/v2\/types\/page"}],"author":[{"embeddable":true,"href":"https:\/\/www.bizit.sk\/en\/wp-json\/wp\/v2\/users\/2"}],"replies":[{"embeddable":true,"href":"https:\/\/www.bizit.sk\/en\/wp-json\/wp\/v2\/comments?post=5363"}],"version-history":[{"count":3,"href":"https:\/\/www.bizit.sk\/en\/wp-json\/wp\/v2\/pages\/5363\/revisions"}],"predecessor-version":[{"id":5441,"href":"https:\/\/www.bizit.sk\/en\/wp-json\/wp\/v2\/pages\/5363\/revisions\/5441"}],"wp:attachment":[{"href":"https:\/\/www.bizit.sk\/en\/wp-json\/wp\/v2\/media?parent=5363"}],"curies":[{"name":"wp","href":"https:\/\/api.w.org\/{rel}","templated":true}]}}